{"id":325,"date":"2023-05-19T20:15:23","date_gmt":"2023-05-19T23:15:23","guid":{"rendered":"https:\/\/ism.uccuyo.edu.ar\/es-ar\/?page_id=325"},"modified":"2025-09-09T13:02:53","modified_gmt":"2025-09-09T16:02:53","slug":"inicio-maquetado-de-anita","status":"publish","type":"page","link":"https:\/\/tulumni.uccuyo.edu.ar\/es-ar\/","title":{"rendered":"Inicio"},"content":{"rendered":"<p>[et_pb_section fb_built=\u00bb1&#8243; fullwidth=\u00bbon\u00bb _builder_version=\u00bb4.17.3&#8243; _module_preset=\u00bbdefault\u00bb global_colors_info=\u00bb{}\u00bb][et_pb_fullwidth_slider show_arrows=\u00bboff\u00bb _builder_version=\u00bb4.17.3&#8243; _module_preset=\u00bbdefault\u00bb height=\u00bb446px\u00bb auto=\u00bbon\u00bb auto_speed=\u00bb3000&#8243; auto_ignore_hover=\u00bbon\u00bb hover_enabled=\u00bb0&#8243; global_colors_info=\u00bb{}\u00bb sticky_enabled=\u00bb0&#8243;][et_pb_slide _builder_version=\u00bb4.17.3&#8243; _module_preset=\u00bbdefault\u00bb background_image=\u00bbhttps:\/\/tulumni.uccuyo.edu.ar\/es-ar\/wp-content\/uploads\/2025\/09\/imagen-4.png\u00bb background_enable_image=\u00bbon\u00bb hover_enabled=\u00bb0&#8243; background_last_edited=\u00bbon|phone\u00bb background_image_phone=\u00bbhttps:\/\/tulumni.uccuyo.edu.ar\/es-ar\/wp-content\/uploads\/2023\/12\/tulum-carrusel-celu-1.jpg\u00bb background_enable_image_phone=\u00bbon\u00bb global_colors_info=\u00bb{}\u00bb sticky_transition=\u00bbon\u00bb title_text=\u00bbimagen 4&#8243; background_position=\u00bbtop_center\u00bb background_enable_color=\u00bboff\u00bb sticky_enabled=\u00bb0&#8243;][\/et_pb_slide][et_pb_slide _builder_version=\u00bb4.17.3&#8243; _module_preset=\u00bbdefault\u00bb background_image=\u00bbhttps:\/\/tulumni.uccuyo.edu.ar\/es-ar\/wp-content\/uploads\/2025\/09\/imagen-2.png\u00bb background_enable_image=\u00bbon\u00bb hover_enabled=\u00bb0&#8243; background_last_edited=\u00bbon|phone\u00bb background_image_phone=\u00bbhttps:\/\/tulumni.uccuyo.edu.ar\/es-ar\/wp-content\/uploads\/2023\/12\/tulum-carrusel-celu-2.jpg\u00bb background_enable_image_phone=\u00bbon\u00bb global_colors_info=\u00bb{}\u00bb sticky_transition=\u00bbon\u00bb background_enable_color=\u00bboff\u00bb title_text=\u00bbimagen 2&#8243; sticky_enabled=\u00bb0&#8243;][\/et_pb_slide][et_pb_slide _builder_version=\u00bb4.17.3&#8243; _module_preset=\u00bbdefault\u00bb background_image=\u00bbhttps:\/\/tulumni.uccuyo.edu.ar\/es-ar\/wp-content\/uploads\/2025\/09\/imagen-1.png\u00bb background_enable_image=\u00bbon\u00bb hover_enabled=\u00bb0&#8243; background_last_edited=\u00bbon|phone\u00bb background_image_phone=\u00bbhttps:\/\/tulumni.uccuyo.edu.ar\/es-ar\/wp-content\/uploads\/2023\/12\/tulum-carrusel-celu-3.jpg\u00bb background_enable_image_phone=\u00bbon\u00bb global_colors_info=\u00bb{}\u00bb sticky_transition=\u00bbon\u00bb background_enable_color=\u00bboff\u00bb title_text=\u00bbimagen 1&#8243; background_position=\u00bbtop_center\u00bb sticky_enabled=\u00bb0&#8243;][\/et_pb_slide][et_pb_slide _builder_version=\u00bb4.17.3&#8243; _module_preset=\u00bbdefault\u00bb background_image=\u00bbhttps:\/\/tulumni.uccuyo.edu.ar\/es-ar\/wp-content\/uploads\/2025\/09\/imagen-3-1.png\u00bb background_enable_image=\u00bbon\u00bb hover_enabled=\u00bb0&#8243; background_last_edited=\u00bbon|phone\u00bb background_image_phone=\u00bbhttps:\/\/tulumni.uccuyo.edu.ar\/es-ar\/wp-content\/uploads\/2023\/12\/tulum-carrusel-celu-3.jpg\u00bb background_enable_image_phone=\u00bbon\u00bb global_colors_info=\u00bb{}\u00bb sticky_transition=\u00bbon\u00bb background_enable_color=\u00bboff\u00bb title_text=\u00bbimagen 3 (1)\u00bb sticky_enabled=\u00bb0&#8243;][\/et_pb_slide][\/et_pb_fullwidth_slider][\/et_pb_section][et_pb_section fb_built=\u00bb1&#8243; _builder_version=\u00bb4.17.3&#8243; _module_preset=\u00bbdefault\u00bb background_color=\u00bbRGBA(255,255,255,0)\u00bb positioning=\u00bbabsolute\u00bb vertical_offset=\u00bb125px\u00bb vertical_offset_last_edited=\u00bboff|phone\u00bb position_origin_a_last_edited=\u00bboff|phone\u00bb position_origin_f_last_edited=\u00bboff|phone\u00bb position_origin_r_last_edited=\u00bboff|phone\u00bb positioning_last_edited=\u00bboff|phone\u00bb global_colors_info=\u00bb{}\u00bb][et_pb_row column_structure=\u00bb1_2,1_2&#8243; _builder_version=\u00bb4.17.3&#8243; _module_preset=\u00bbdefault\u00bb transform_scale_tablet=\u00bb\u00bb transform_scale_phone=\u00bb\u00bb transform_scale_last_edited=\u00bbon|phone\u00bb transform_translate_tablet=\u00bb0px|135px\u00bb transform_translate_phone=\u00bb0px|-80px\u00bb transform_translate_last_edited=\u00bbon|phone\u00bb transform_translate_linked_phone=\u00bboff\u00bb transform_rotate_tablet=\u00bb\u00bb transform_rotate_phone=\u00bb\u00bb transform_rotate_last_edited=\u00bbon|phone\u00bb transform_skew_tablet=\u00bb\u00bb transform_skew_phone=\u00bb\u00bb transform_skew_last_edited=\u00bbon|phone\u00bb transform_origin_tablet=\u00bb\u00bb transform_origin_phone=\u00bb\u00bb transform_origin_last_edited=\u00bbon|phone\u00bb transform_styles_last_edited=\u00bbon|phone\u00bb z_index=\u00bb500&#8243; width=\u00bb60%\u00bb width_tablet=\u00bb90%\u00bb width_phone=\u00bb90%\u00bb width_last_edited=\u00bbon|phone\u00bb max_width=\u00bb2024px\u00bb max_width_tablet=\u00bb2024px\u00bb max_width_phone=\u00bb2024px\u00bb max_width_last_edited=\u00bbon|phone\u00bb module_alignment=\u00bbcenter\u00bb custom_margin=\u00bb55px||||false|false\u00bb transform_styles_tablet=\u00bb\u00bb transform_styles_phone=\u00bb\u00bb global_colors_info=\u00bb{}\u00bb custom_margin__hover_enabled=\u00bboff|desktop\u00bb][et_pb_column type=\u00bb1_2&#8243; _builder_version=\u00bb4.17.3&#8243; _module_preset=\u00bbdefault\u00bb global_colors_info=\u00bb{}\u00bb][et_pb_text _builder_version=\u00bb4.17.3&#8243; _module_preset=\u00bbdefault\u00bb text_font=\u00bbDroid Serif Clasic||||||||\u00bb text_text_color=\u00bb#FFFFFF\u00bb text_font_size=\u00bb20px\u00bb background_color=\u00bbrgba(226,139,8,0.75)\u00bb text_orientation=\u00bbcenter\u00bb width=\u00bb75%\u00bb module_alignment=\u00bbcenter\u00bb height=\u00bb100px\u00bb height_tablet=\u00bb100px\u00bb height_phone=\u00bb60px\u00bb height_last_edited=\u00bbon|phone\u00bb custom_padding=\u00bb39px||||false|false\u00bb custom_padding_tablet=\u00bb39px||||false|false\u00bb custom_padding_phone=\u00bb20px||||false|false\u00bb custom_padding_last_edited=\u00bbon|phone\u00bb link_option_url=\u00bbhttps:\/\/tulumni.uccuyo.edu.ar\/es-ar\/index.php\/historia-institucional\/\u00bb text_font_size_tablet=\u00bb20px\u00bb text_font_size_phone=\u00bb20px\u00bb text_font_size_last_edited=\u00bbon|phone\u00bb border_radii=\u00bbon|10px|10px|10px|10px\u00bb global_colors_info=\u00bb{}\u00bb]<\/p>\n<p>\u00bfQUI\u00c9NES SOMOS?<\/p>\n<p>[\/et_pb_text][\/et_pb_column][et_pb_column type=\u00bb1_2&#8243; _builder_version=\u00bb4.17.3&#8243; _module_preset=\u00bbdefault\u00bb global_colors_info=\u00bb{}\u00bb][et_pb_text _builder_version=\u00bb4.17.3&#8243; _module_preset=\u00bbdefault\u00bb text_font=\u00bbDroid Serif Clasic||||||||\u00bb text_text_color=\u00bb#FFFFFF\u00bb text_font_size=\u00bb20px\u00bb background_color=\u00bbrgba(226,139,8,0.75)\u00bb text_orientation=\u00bbcenter\u00bb width=\u00bb75%\u00bb module_alignment=\u00bbcenter\u00bb height=\u00bb100px\u00bb height_tablet=\u00bb100px\u00bb height_phone=\u00bb60px\u00bb height_last_edited=\u00bbon|phone\u00bb custom_padding=\u00bb39px||||false|false\u00bb custom_padding_tablet=\u00bb39px||||false|false\u00bb custom_padding_phone=\u00bb20px||||false|false\u00bb custom_padding_last_edited=\u00bbon|phone\u00bb link_option_url=\u00bbhttps:\/\/tulumni.uccuyo.edu.ar\/es-ar\/index.php\/autoridades\/\u00bb text_font_size_tablet=\u00bb20px\u00bb text_font_size_phone=\u00bb20px\u00bb text_font_size_last_edited=\u00bbon|phone\u00bb border_radii=\u00bbon|10px|10px|10px|10px\u00bb global_colors_info=\u00bb{}\u00bb]<\/p>\n<p>AUTORIDADES<\/p>\n<p>[\/et_pb_text][\/et_pb_column][\/et_pb_row][\/et_pb_section][et_pb_section fb_built=\u00bb1&#8243; _builder_version=\u00bb4.17.3&#8243; _module_preset=\u00bbdefault\u00bb custom_padding=\u00bb0px||0px||false|false\u00bb global_colors_info=\u00bb{}\u00bb][et_pb_row column_structure=\u00bb1_2,1_2&#8243; _builder_version=\u00bb4.17.3&#8243; _module_preset=\u00bbdefault\u00bb width=\u00bbauto\u00bb max_width=\u00bbnone\u00bb height_tablet=\u00bb925px\u00bb height_phone=\u00bbauto\u00bb height_last_edited=\u00bbon|phone\u00bb max_height=\u00bb1565px\u00bb max_height_tablet=\u00bb1565px\u00bb max_height_phone=\u00bbnone\u00bb max_height_last_edited=\u00bbon|phone\u00bb custom_padding=\u00bb0px||0px||true|false\u00bb global_colors_info=\u00bb{}\u00bb][et_pb_column type=\u00bb1_2&#8243; _builder_version=\u00bb4.17.3&#8243; _module_preset=\u00bbdefault\u00bb global_colors_info=\u00bb{}\u00bb][et_pb_text disabled_on=\u00bboff|off|off\u00bb _builder_version=\u00bb4.17.3&#8243; _module_preset=\u00bbdefault\u00bb text_font=\u00bbDroid Serif Italic||||||||\u00bb text_line_height=\u00bb1.5em\u00bb ul_font=\u00bbDroid Serif Italic||||||||\u00bb ul_font_size=\u00bb15px\u00bb ul_line_height=\u00bb1.5em\u00bb header_3_font=\u00bbDroid Serif Bold||||||||\u00bb header_3_text_color=\u00bb#E28B08&#8243; header_3_font_size=\u00bb21px\u00bb header_3_line_height=\u00bb2em\u00bb header_6_font=\u00bbDroid Serif Italic||||||||\u00bb header_6_text_color=\u00bb#E28B08&#8243; header_6_font_size=\u00bb15px\u00bb text_orientation=\u00bbjustified\u00bb width=\u00bb65%\u00bb width_tablet=\u00bb60%\u00bb width_phone=\u00bb75%\u00bb width_last_edited=\u00bbon|phone\u00bb module_alignment=\u00bbcenter\u00bb custom_margin=\u00bb80px||||false|false\u00bb custom_padding=\u00bb|80px|0px||false|false\u00bb custom_padding_tablet=\u00bb|90px|||false|false\u00bb custom_padding_phone=\u00bb|0px|||false|false\u00bb custom_padding_last_edited=\u00bbon|phone\u00bb scroll_vertical_motion=\u00bb0|30|30|100|-0.5|-7|-8.5&#8243; text_font_size_tablet=\u00bb15px\u00bb text_font_size_phone=\u00bb14px\u00bb text_font_size_last_edited=\u00bbon|phone\u00bb scroll_vertical_motion_tablet=\u00bb0|0|0|100|4|0|-3&#8243; scroll_vertical_motion_phone=\u00bb0|50|50|100|0|0|0&#8243; scroll_vertical_motion_last_edited=\u00bbon|phone\u00bb global_colors_info=\u00bb{}\u00bb]<\/p>\n<h3>MISI\u00d3N<\/h3>\n<p>La misi\u00f3n del Colegio \u201cNuestra Se\u00f1ora de Tulum\u201d es la formaci\u00f3n integral de sus estudiantes, reconociendo su dignidad como hijos de Dios. Como instituci\u00f3n dependiente de la Universidad Cat\u00f3lica de Cuyo, abarca desde el nivel inicial hasta el secundario, y se enfoca en tres ejes principales: la formaci\u00f3n en la fe, el desarrollo de valores y la integraci\u00f3n de la familia en la educaci\u00f3n. Adem\u00e1s, busca que los alumnos adquieran competencias acad\u00e9micas y tecnol\u00f3gicas que les permitan ser ciudadanos responsables y capaces de proponer soluciones a los problemas de su entorno.<\/p>\n<p>[\/et_pb_text][et_pb_text disabled_on=\u00bboff|off|off\u00bb _builder_version=\u00bb4.17.3&#8243; _module_preset=\u00bbdefault\u00bb text_font=\u00bbDroid Serif Italic||||||||\u00bb text_line_height=\u00bb1.5em\u00bb ul_font=\u00bbDroid Serif Italic||||||||\u00bb ul_font_size=\u00bb15px\u00bb ul_line_height=\u00bb1.5em\u00bb header_3_font=\u00bbDroid Serif Bold||||||||\u00bb header_3_text_color=\u00bb#E28B08&#8243; header_3_font_size=\u00bb21px\u00bb header_3_line_height=\u00bb2em\u00bb header_6_font=\u00bbDroid Serif Italic||||||||\u00bb header_6_text_color=\u00bb#E28B08&#8243; header_6_font_size=\u00bb15px\u00bb background_enable_color=\u00bboff\u00bb text_orientation=\u00bbjustified\u00bb width=\u00bb65%\u00bb width_tablet=\u00bb60%\u00bb width_phone=\u00bb75%\u00bb width_last_edited=\u00bbon|phone\u00bb module_alignment=\u00bbcenter\u00bb custom_margin=\u00bb22px||||false|false\u00bb custom_padding=\u00bb|80px|0px||false|false\u00bb custom_padding_tablet=\u00bb|90px|||false|false\u00bb custom_padding_phone=\u00bb|0px|||false|false\u00bb custom_padding_last_edited=\u00bbon|phone\u00bb scroll_vertical_motion=\u00bb0|30|30|100|-0.5|-7|-8.5&#8243; text_font_size_tablet=\u00bb15px\u00bb text_font_size_phone=\u00bb14px\u00bb text_font_size_last_edited=\u00bbon|phone\u00bb scroll_vertical_motion_tablet=\u00bb0|0|0|100|4|0|-3&#8243; scroll_vertical_motion_phone=\u00bb0|50|50|100|0|0|0&#8243; scroll_vertical_motion_last_edited=\u00bbon|phone\u00bb global_colors_info=\u00bb{}\u00bb]<\/p>\n<h3>VISI\u00d3N<\/h3>\n<p>La visi\u00f3n del Colegio \u00abNuestra Se\u00f1ora de Tulum\u00bb es ser una instituci\u00f3n educativa de alta calidad, caracterizada por un ambiente de armon\u00eda y comunicaci\u00f3n efectiva. Para lograrlo, se propone un trabajo colaborativo y la implementaci\u00f3n de un plan estrat\u00e9gico basado en la autoevaluaci\u00f3n constante, con el fin de garantizar una ense\u00f1anza que promueva un aprendizaje significativo. Este plan busca formar a los estudiantes de manera integral, desarrollando sus competencias y virtudes bajo los principios de la fe cristiana. Adem\u00e1s, la instituci\u00f3n se compromete a optimizar sus procesos administrativos y organizativos en un plazo de dos a\u00f1os.<\/p>\n<p>[\/et_pb_text][\/et_pb_column][et_pb_column type=\u00bb1_2&#8243; _builder_version=\u00bb4.17.3&#8243; _module_preset=\u00bbdefault\u00bb global_colors_info=\u00bb{}\u00bb][et_pb_text module_class=\u00bbfijado\u00bb _builder_version=\u00bb4.17.3&#8243; _module_preset=\u00bbdefault\u00bb text_font=\u00bbDroid Serif iitalic||||||||\u00bb text_text_color=\u00bb#FFFFFF\u00bb text_font_size=\u00bb20px\u00bb text_line_height=\u00bb1.6em\u00bb header_font=\u00bbDroid Serif Clasic||||||||\u00bb header_text_color=\u00bb#FFFFFF\u00bb header_3_font=\u00bbDroid Serif Clasic||||||||\u00bb header_3_text_color=\u00bb#FFFFFF\u00bb header_3_font_size=\u00bb32px\u00bb background_color=\u00bb#E28B08&#8243; text_orientation=\u00bbcenter\u00bb height=\u00bb442px\u00bb custom_margin=\u00bb0px||0px|-140px|false|false\u00bb custom_margin_tablet=\u00bb0px||0px|-175px|false|false\u00bb custom_margin_phone=\u00bb0px||0px|0px|false|false\u00bb custom_margin_last_edited=\u00bbon|phone\u00bb custom_padding=\u00bb90px||||false|false\u00bb module_alignment_tablet=\u00bb\u00bb module_alignment_phone=\u00bb\u00bb module_alignment_last_edited=\u00bbon|phone\u00bb border_width_bottom=\u00bb6px\u00bb border_color_bottom=\u00bb#FFFFFF\u00bb global_colors_info=\u00bb{}\u00bb]<\/p>\n<p>Acced\u00e9 al<\/p>\n<h3>CAMPUS VIRTUAL<\/h3>\n<p><a href=\"http:\/\/colegios.uccuyo.com.ar\/\" target=\"_blank\" rel=\"noopener\"><br \/><img loading=\"lazy\" decoding=\"async\" src=\"https:\/\/tulumni.uccuyo.edu.ar\/es-ar\/wp-content\/uploads\/2023\/10\/icono-campus-virtual.png\" width=\"129\" height=\"87\" alt=\"\" class=\"wp-image-642 alignnone size-full\" \/><br \/><\/a><\/p>\n<p>[\/et_pb_text][et_pb_text module_class=\u00bbfijado2&#8243; _builder_version=\u00bb4.17.3&#8243; _module_preset=\u00bbdefault\u00bb text_font=\u00bbDroid Serif Italic||||||||\u00bb text_text_color=\u00bb#E28B08&#8243; text_font_size=\u00bb20px\u00bb text_line_height=\u00bb1.6em\u00bb header_font=\u00bbDroid Serif Clasic||||||||\u00bb header_text_color=\u00bb#FFFFFF\u00bb header_3_font=\u00bbDroid Serif Clasic||||||||\u00bb header_3_text_color=\u00bb#E28B08&#8243; header_3_font_size=\u00bb32px\u00bb background_color=\u00bb#FACA7C\u00bb text_orientation=\u00bbcenter\u00bb height=\u00bb442px\u00bb custom_margin=\u00bb|||-140px|false|false\u00bb custom_margin_tablet=\u00bb|||-175px|false|false\u00bb custom_margin_phone=\u00bb|||0px|false|false\u00bb custom_margin_last_edited=\u00bbon|phone\u00bb custom_padding=\u00bb90px||||false|false\u00bb global_colors_info=\u00bb{}\u00bb]<\/p>\n<p>Comun\u00edcate mediante nuestra<\/p>\n<h3>L\u00cdNEA DE CONTACTOS<\/h3>\n<p><a href=\"https:\/\/tulumni.uccuyo.edu.ar\/es-ar\/index.php\/contacto\/\"><br \/><img decoding=\"async\" src=\"https:\/\/tulumni.uccuyo.edu.ar\/es-ar\/wp-content\/uploads\/2023\/10\/icono-linea-de-contacto.png\" \/><br \/><\/a><\/p>\n<p>[\/et_pb_text][\/et_pb_column][\/et_pb_row][\/et_pb_section][et_pb_section fb_built=\u00bb1&#8243; _builder_version=\u00bb4.17.3&#8243; _module_preset=\u00bbdefault\u00bb background_image=\u00bbhttps:\/\/www.revistaadventista.com.br\/wp-content\/uploads\/2015\/05\/Capa-RA-maio-100-anos-do-Unasp-4.jpg\u00bb background_enable_video_mp4=\u00bboff\u00bb background_video_webm=\u00bbhttps:\/\/ism.uccuyo.edu.ar\/es-ar\/wp-content\/uploads\/2023\/06\/Proyecto-sin-titulo10.webm\u00bb height=\u00bb410px\u00bb global_colors_info=\u00bb{}\u00bb][\/et_pb_section]<\/p>\n","protected":false},"excerpt":{"rendered":"<p>\u00bfQUI\u00c9NES SOMOS?AUTORIDADESMISI\u00d3N La misi\u00f3n del Colegio \u201cNuestra Se\u00f1ora de Tulum\u201d es la formaci\u00f3n integral de sus estudiantes, reconociendo su dignidad como hijos de Dios. Como instituci\u00f3n dependiente de la Universidad Cat\u00f3lica de Cuyo, abarca desde el nivel inicial hasta el secundario, y se enfoca en tres ejes principales: la formaci\u00f3n en la fe, el desarrollo [&hellip;]<\/p>\n","protected":false},"author":2,"featured_media":0,"parent":0,"menu_order":0,"comment_status":"closed","ping_status":"closed","template":"","meta":{"_et_pb_use_builder":"on","_et_pb_old_content":"","_et_gb_content_width":"","footnotes":""},"class_list":["post-325","page","type-page","status-publish","hentry"],"_links":{"self":[{"href":"https:\/\/tulumni.uccuyo.edu.ar\/es-ar\/index.php\/wp-json\/wp\/v2\/pages\/325","targetHints":{"allow":["GET"]}}],"collection":[{"href":"https:\/\/tulumni.uccuyo.edu.ar\/es-ar\/index.php\/wp-json\/wp\/v2\/pages"}],"about":[{"href":"https:\/\/tulumni.uccuyo.edu.ar\/es-ar\/index.php\/wp-json\/wp\/v2\/types\/page"}],"author":[{"embeddable":true,"href":"https:\/\/tulumni.uccuyo.edu.ar\/es-ar\/index.php\/wp-json\/wp\/v2\/users\/2"}],"replies":[{"embeddable":true,"href":"https:\/\/tulumni.uccuyo.edu.ar\/es-ar\/index.php\/wp-json\/wp\/v2\/comments?post=325"}],"version-history":[{"count":147,"href":"https:\/\/tulumni.uccuyo.edu.ar\/es-ar\/index.php\/wp-json\/wp\/v2\/pages\/325\/revisions"}],"predecessor-version":[{"id":1675,"href":"https:\/\/tulumni.uccuyo.edu.ar\/es-ar\/index.php\/wp-json\/wp\/v2\/pages\/325\/revisions\/1675"}],"wp:attachment":[{"href":"https:\/\/tulumni.uccuyo.edu.ar\/es-ar\/index.php\/wp-json\/wp\/v2\/media?parent=325"}],"curies":[{"name":"wp","href":"https:\/\/api.w.org\/{rel}","templated":true}]}}